{"id":2655,"date":"2024-02-12T17:06:44","date_gmt":"2024-02-12T17:06:44","guid":{"rendered":"https:\/\/www.praesy.be\/?page_id=2655"},"modified":"2026-02-24T13:01:27","modified_gmt":"2026-02-24T13:01:27","slug":"praesy","status":"publish","type":"page","link":"https:\/\/www.praesy.be\/fr\/","title":{"rendered":"Praesy : votre partenaire pour tous vos travaux"},"content":{"rendered":"<p>Praesy.be est une plateforme en ligne o\u00f9 les particuliers peuvent trouver rapidement et facilement des artisans dans leur r\u00e9gion, avec un large choix de bricoleurs professionnels capables d&rsquo;intervenir pour divers travaux \u00e0 l&rsquo;int\u00e9rieur et autour de la maison. Vous pouvez y trouver des bricoleurs fiables, demander des devis et comparer diff\u00e9rents professionnels afin de faire le meilleur choix pour votre projet. La plateforme propose \u00e9galement des conseils pour choisir un bricoleur, des exemples de services propos\u00e9s et met en avant les avantages de faire appel \u00e0 un professionnel. De plus, des conseils sont donn\u00e9s pour trouver un bricoleur fiable, faciliter votre recherche et souligner l&rsquo;importance d&rsquo;un premier entretien de contact.<br \/>\nLes diff\u00e9rentes cat\u00e9gories sont :<\/p>\n<ul>\n<li>Climatisation<\/li>\n<li>D\u00e9samiantage<\/li>\n<li>Bricoleur \/ Homme \u00e0 tout faire<\/li>\n<li>Extension ou annexe \u2013 r\u00e9novation<\/li>\n<li>Serrurier<\/li>\n<li>Service de d\u00e9bouchage<\/li>\n<li>Travaux de toiture<\/li>\n<li>\u00c9lectricien<\/li>\n<li>Soci\u00e9t\u00e9 de d\u00e9m\u00e9nagement<\/li>\n<li>Plombier<\/li>\n<li>Travaux de r\u00e9novation<\/li>\n<li>Ventilation<\/li>\n<li>Travaux de peinture<\/li>\n<li>R\u00e9paration d&rsquo;\u00e9lectrom\u00e9nager<\/li>\n<li>Volets roulants<\/li>\n<li>Lutte contre les nuisibles<\/li>\n<li>R\u00e9novation de cuisine<\/li>\n<li>Fuite d&rsquo;eau<\/li>\n<li>Nettoyage de citerne d&rsquo;eau de pluie<\/li>\n<li>Vidange de fosse septique<\/li>\n<li>Chauffagiste<\/li>\n<li>Travaux de d\u00e9molition<\/li>\n<li>Travaux de plafonnage<\/li>\n<li>R\u00e9novation d&rsquo;escalier<\/li>\n<li>R\u00e9novation de fa\u00e7ade<\/li>\n<li>Vidange de fosse d&rsquo;aisance<\/li>\n<li>R\u00e9novation de salle de bain<\/li>\n<li>R\u00e9novation de toilettes<\/li>\n<li>Protection contre les cambriolages<\/li>\n<li>Contr\u00f4le d&rsquo;acc\u00e8s<\/li>\n<\/ul>\n","protected":false},"excerpt":{"rendered":"<p>Praesy.be est une plateforme en ligne o\u00f9 les particuliers peuvent trouver rapidement et facilement des artisans dans leur r\u00e9gion, avec &#8230; <\/p>\n<p class=\"read-more-container\"><a title=\"Praesy : votre partenaire pour tous vos travaux\" class=\"read-more button\" href=\"https:\/\/www.praesy.be\/fr\/#more-2655\" aria-label=\"Read more about Praesy : votre partenaire pour tous vos travaux\">Read more<\/a><\/p>\n","protected":false},"author":1,"featured_media":0,"parent":0,"menu_order":0,"comment_status":"closed","ping_status":"closed","template":"","meta":{"footnotes":""},"class_list":["post-2655","page","type-page","status-publish"],"_wpcode_auto_insert":null,"_wpcode_auto_insert_number":null,"_wpcode_library_id":null,"_wpcode_shortcode_attributes":null,"_menu_item_type":null,"_menu_item_menu_item_parent":null,"_menu_item_object_id":null,"_menu_item_object":null,"_menu_item_target":null,"_menu_item_classes":null,"_menu_item_xfn":null,"_menu_item_url":null,"_wp_attached_file":null,"_wp_attachment_metadata":null,"_wp_attachment_image_alt":null,"rank_math_og_content_image":null,"_wp_old_slug":null,"_cs_replacements":null,"_wp_old_date":null,"_pingme":null,"_encloseme":null,"_wp_attachment_context":null,"_wp_trash_meta_status":null,"_wp_trash_meta_time":null,"_edit_last":"1","_edit_lock":"1771948049:1","rank_math_internal_links_processed":null,"rank_math_seo_score":"61","rank_math_contentai_score":null,"_ez-toc-disabled":"","_ez-toc-insert":"","_ez-toc-header-label":"","_ez-toc-alignment":"none","_ez-toc-heading-levels":[],"_ez-toc-alttext":"","_ez-toc-visibility_hide_by_default":"","_ez-toc-hide_counter":"","_ez-toc-exclude":"","rank_math_focus_keyword":"Praesy","rank_math_description":null,"rank_math_title":null,"_thumbnail_id":null,"rank_math_primary_category":null,"_links":{"self":[{"href":"https:\/\/www.praesy.be\/fr\/wp-json\/wp\/v2\/pages\/2655","targetHints":{"allow":["GET"]}}],"collection":[{"href":"https:\/\/www.praesy.be\/fr\/wp-json\/wp\/v2\/pages"}],"about":[{"href":"https:\/\/www.praesy.be\/fr\/wp-json\/wp\/v2\/types\/page"}],"author":[{"embeddable":true,"href":"https:\/\/www.praesy.be\/fr\/wp-json\/wp\/v2\/users\/1"}],"replies":[{"embeddable":true,"href":"https:\/\/www.praesy.be\/fr\/wp-json\/wp\/v2\/comments?post=2655"}],"version-history":[{"count":3,"href":"https:\/\/www.praesy.be\/fr\/wp-json\/wp\/v2\/pages\/2655\/revisions"}],"predecessor-version":[{"id":2658,"href":"https:\/\/www.praesy.be\/fr\/wp-json\/wp\/v2\/pages\/2655\/revisions\/2658"}],"wp:attachment":[{"href":"https:\/\/www.praesy.be\/fr\/wp-json\/wp\/v2\/media?parent=2655"}],"curies":[{"name":"wp","href":"https:\/\/api.w.org\/{rel}","templated":true}]}}